{"id":82,"date":"2024-01-19T21:06:21","date_gmt":"2024-01-19T20:06:21","guid":{"rendered":"https:\/\/coachevagarcia.cat\/declaracio-daccessibilitat\/"},"modified":"2024-02-06T19:25:07","modified_gmt":"2024-02-06T18:25:07","slug":"accesibilidad","status":"publish","type":"page","link":"https:\/\/coachevagarcia.cat\/es\/accesibilidad\/","title":{"rendered":"Declaraci\u00f3n de accesibilidad"},"content":{"rendered":"\t\t<div data-elementor-type=\"wp-page\" data-elementor-id=\"82\" class=\"elementor elementor-82 elementor-80\" data-elementor-post-type=\"page\">\n\t\t\t\t<div class=\"elementor-element elementor-element-90fc46c e-flex e-con-boxed e-con e-parent\" data-id=\"90fc46c\" data-element_type=\"container\">\n\t\t\t\t\t<div class=\"e-con-inner\">\n\t\t\t\t<div class=\"elementor-element elementor-element-9b13116 elementor-widget elementor-widget-text-editor\" data-id=\"9b13116\" data-element_type=\"widget\" data-widget_type=\"text-editor.default\">\n\t\t\t\t<div class=\"elementor-widget-container\">\n\t\t\t<style>\/*! elementor - v3.21.0 - 08-05-2024 *\/\n.elementor-widget-text-editor.elementor-drop-cap-view-stacked .elementor-drop-cap{background-color:#69727d;color:#fff}.elementor-widget-text-editor.elementor-drop-cap-view-framed .elementor-drop-cap{color:#69727d;border:3px solid;background-color:transparent}.elementor-widget-text-editor:not(.elementor-drop-cap-view-default) .elementor-drop-cap{margin-top:8px}.elementor-widget-text-editor:not(.elementor-drop-cap-view-default) .elementor-drop-cap-letter{width:1em;height:1em}.elementor-widget-text-editor .elementor-drop-cap{float:left;text-align:center;line-height:1;font-size:50px}.elementor-widget-text-editor .elementor-drop-cap-letter{display:inline-block}<\/style>\t\t\t\t<p><strong>DECLARACI\u00d3N DE ACCESIBILIDAD<\/strong><\/p>\n<p>Eva Garc\u00eda Navarro se compromete a hacer que su sitio web, coachevagarcia.cat, sea accesible para todos los usuarios, incluidas personas con discapacidades. Estamos comprometidos a garantizar que nuestro sitio web cumpla con las pautas de accesibilidad web de nivel AA de la WCAG 2.1.<\/p>\n<p><strong>SITUACI\u00d3N DE CUMPLIMIENTO<\/strong><\/p>\n<p>Las Pautas de accesibilidad al contenido web (WCAG) definen los requisitos para dise\u00f1adores y desarrolladores para mejorar la accesibilidad para personas con discapacidades. Se definen tres niveles de conformidad: Nivel A, Nivel AA y Nivel AAA. embalajesartesanos.com cumple parcialmente con WCAG 2.1 Nivel AA. Parcialmente conforme significa que algunas partes del contenido no cumplen completamente el est\u00e1ndar de accesibilidad.<\/p>\n<p><strong>CONTENIDO NO ACCESIBLE<\/strong><\/p>\n<p>Podr\u00edan existir documentos de ofim\u00e1tica en PDF y otros formatos que no cumplan totalmente los requisitos de accesibilidad. Se pueden solicitar los documentos completamente accesibles desde el formulario de contacto.<\/p>\n<p>Podr\u00edan existir errores de c\u00f3digo puntuales en alguna p\u00e1gina web.<\/p>\n<p><strong>FEEDBACK<\/strong><\/p>\n<p>Estamos comprometidos a continuar mejorando la accesibilidad de nuestro sitio web para garantizar que sea accesible para todos. Si tienes alguna pregunta o sugerencia, por favor cont\u00e1ctanos.<\/p>\n<p>Firma: Eva Garc\u00eda Navarro<br>Fecha: 10 de septiembre de 2023<\/p>\t\t\t\t\t\t<\/div>\n\t\t\t\t<\/div>\n\t\t\t\t\t<\/div>\n\t\t\t\t<\/div>\n\t\t\t\t<\/div>\n\t\t","protected":false},"excerpt":{"rendered":"<p>DECLARACI\u00d3N DE ACCESIBILIDAD Eva Garc\u00eda Navarro se compromete a hacer que su sitio web, coachevagarcia.cat, sea accesible para todos los usuarios, incluidas personas con discapacidades. Estamos comprometidos a garantizar que nuestro sitio web cumpla con las pautas de accesibilidad web de nivel AA de la WCAG 2.1. SITUACI\u00d3N DE CUMPLIMIENTO Las Pautas de accesibilidad al [&hellip;]<\/p>\n","protected":false},"author":1,"featured_media":0,"parent":0,"menu_order":15,"comment_status":"closed","ping_status":"closed","template":"","meta":{"rank_math_lock_modified_date":false,"footnotes":""},"class_list":["post-82","page","type-page","status-publish","hentry"],"_links":{"self":[{"href":"https:\/\/coachevagarcia.cat\/es\/wp-json\/wp\/v2\/pages\/82","targetHints":{"allow":["GET"]}}],"collection":[{"href":"https:\/\/coachevagarcia.cat\/es\/wp-json\/wp\/v2\/pages"}],"about":[{"href":"https:\/\/coachevagarcia.cat\/es\/wp-json\/wp\/v2\/types\/page"}],"author":[{"embeddable":true,"href":"https:\/\/coachevagarcia.cat\/es\/wp-json\/wp\/v2\/users\/1"}],"replies":[{"embeddable":true,"href":"https:\/\/coachevagarcia.cat\/es\/wp-json\/wp\/v2\/comments?post=82"}],"version-history":[{"count":4,"href":"https:\/\/coachevagarcia.cat\/es\/wp-json\/wp\/v2\/pages\/82\/revisions"}],"predecessor-version":[{"id":1427,"href":"https:\/\/coachevagarcia.cat\/es\/wp-json\/wp\/v2\/pages\/82\/revisions\/1427"}],"wp:attachment":[{"href":"https:\/\/coachevagarcia.cat\/es\/wp-json\/wp\/v2\/media?parent=82"}],"curies":[{"name":"wp","href":"https:\/\/api.w.org\/{rel}","templated":true}]}}